{"id":12,"date":"2017-07-11T06:30:09","date_gmt":"2017-07-11T06:30:09","guid":{"rendered":"https:\/\/srgsadvocacia.adv.br\/?page_id=12"},"modified":"2021-01-08T17:23:47","modified_gmt":"2021-01-08T17:23:47","slug":"sobre-advogada","status":"publish","type":"page","link":"https:\/\/srgsadvocacia.adv.br\/?page_id=12","title":{"rendered":"Conhe\u00e7a a advogada | SRGS Advocacia"},"content":{"rendered":"\n\n\t<h1>\n\t\t\t\t\tConhe\u00e7a a advogada\n\t\t\t\t<\/h1>\n\t<ul>\n\t\t<li>\t\t\n\t\t\t\t<img src=\"https:\/\/srgsadvocacia.adv.br\/wp-content\/uploads\/2017\/07\/big-diamond40x40-free-img.png\" alt=\"big-diamond(40x40)\" itemprop=\"image\"\/>\n\t\t<h4>Diferencial<\/h4><p>A advogada d\u00e1 o melhor de si em cada trabalho sempre com transpar\u00eancia na presta\u00e7\u00e3o de contas.<\/p><\/li><li>\t\t\n\t\t\t\t<img src=\"https:\/\/srgsadvocacia.adv.br\/wp-content\/uploads\/2017\/07\/sight40x40-free-img.png\" alt=\"sight(40x40)\" itemprop=\"image\"\/>\n\t\t<h4>Foco<\/h4><p>Atendimento personalizado para que o cliente tenha tranquilidade para enfrentar os problemas jur\u00eddicos.<\/p><\/li><li>\t\t\n\t\t\t\t<img src=\"https:\/\/srgsadvocacia.adv.br\/wp-content\/uploads\/2017\/07\/gift40x40-free-img.png\" alt=\"gift(40x40)\" itemprop=\"image\"\/>\n\t\t<h4>Vantagens<\/h4><p>Experi\u00eancia de vida com grande conhecimento e sempre com muito amor ao trabalho.<\/p><\/li>\t<\/ul>\n\t<h3>\n\t\t\t\t\tADVOGADA SELMA REGINA GOMES DA SILVA\n\t\t\t\t<\/h3>\n\t\t\t<p>Formada em Administra\u00e7\u00e3o de Empresas, atuou longo per\u00edodo na \u00e1rea financeira, adquirindo vasta experi\u00eancia em c\u00e1lculos cont\u00e1beis que proporcionaram sua nomea\u00e7\u00e3o como <strong>PERITA JUDICIAL<\/strong> em dezenas de processos trabalhistas.A busca incessante pelo conhecimento a levou ao Curso de Direito pela <strong>UNIVERSIDADE MACKENZIE<\/strong>. Formada em 1996 e inscrita na OAB\/SP sob o n\u00ba 143.686 re\u00fane credibilidade, transpar\u00eancia e experi\u00eancia com solu\u00e7\u00f5es jur\u00eddicas para empresas e pessoas f\u00edsicas nas \u00e1reas do DIREITO CIVIL, FAM\u00cdLIA e TRABALHISTA.\u00c9 autoridade nas suas \u00e1reas de atua\u00e7\u00e3o e est\u00e1 apta para guiar os seus clientes atrav\u00e9s de um atendimento pr\u00e1tico, r\u00e1pido e objetivo que tanto pode ser presencial quanto digital atrav\u00e9s de v\u00eddeo confer\u00eancia em aplicativo do seu pr\u00f3prio celular.Pautada em seus valores \u00e9ticos, tem como objetivo prestar um \u00f3timo atendimento e proporcionar excelentes resultados adaptados \u00e0s necessidades exclusivas de cada cliente, permitindo cuidar de cada um de modo especial, mantendo-os sempre informados.\u00a0<\/p>\t\t\n\t\t\t\t<img src=\"https:\/\/srgsadvocacia.adv.br\/wp-content\/uploads\/2020\/11\/selma.jpg\" alt=\"selma\" itemprop=\"image\"\/>\n\t<h3>\n\t\t\t\t\tPrecisa de assessoria jur\u00eddica?\n\t\t\t\t<\/h3>\n\t\t\t<h5><strong>Entre em contato! <img loading=\"lazy\" src=\"https:\/\/srgsadvocacia.adv.br\/wp-content\/uploads\/2017\/07\/Contact-icon22-free-img.png\" alt=\"\" width=\"93\" height=\"93\" \/> <a href=\"mailto:srgsadvocacia@uol.com.br\">srgsadvocacia@uol.com.br<\/a><\/strong><\/h5>\t\t\n\n","protected":false},"excerpt":{"rendered":"<p>Conhe\u00e7a a advogada Diferencial A advogada d\u00e1 o melhor de si em cada trabalho sempre com transpar\u00eancia na presta\u00e7\u00e3o de contas. Foco Atendimento personalizado para que o cliente tenha tranquilidade para enfrentar os problemas jur\u00eddicos. Vantagens Experi\u00eancia de vida com grande conhecimento e sempre com muito amor ao trabalho. ADVOGADA SELMA REGINA GOMES DA SILVA &hellip;<\/p>\n<p class=\"read-more\"> <a class=\"\" href=\"https:\/\/srgsadvocacia.adv.br\/?page_id=12\"> <span class=\"screen-reader-text\">Conhe\u00e7a a advogada | SRGS Advocacia<\/span> Leia mais &raquo;<\/a><\/p>\n","protected":false},"author":1,"featured_media":0,"parent":0,"menu_order":0,"comment_status":"closed","ping_status":"closed","template":"","meta":[],"_links":{"self":[{"href":"https:\/\/srgsadvocacia.adv.br\/index.php?rest_route=\/wp\/v2\/pages\/12"}],"collection":[{"href":"https:\/\/srgsadvocacia.adv.br\/index.php?rest_route=\/wp\/v2\/pages"}],"about":[{"href":"https:\/\/srgsadvocacia.adv.br\/index.php?rest_route=\/wp\/v2\/types\/page"}],"author":[{"embeddable":true,"href":"https:\/\/srgsadvocacia.adv.br\/index.php?rest_route=\/wp\/v2\/users\/1"}],"replies":[{"embeddable":true,"href":"https:\/\/srgsadvocacia.adv.br\/index.php?rest_route=%2Fwp%2Fv2%2Fcomments&post=12"}],"version-history":[{"count":6,"href":"https:\/\/srgsadvocacia.adv.br\/index.php?rest_route=\/wp\/v2\/pages\/12\/revisions"}],"predecessor-version":[{"id":1021,"href":"https:\/\/srgsadvocacia.adv.br\/index.php?rest_route=\/wp\/v2\/pages\/12\/revisions\/1021"}],"wp:attachment":[{"href":"https:\/\/srgsadvocacia.adv.br\/index.php?rest_route=%2Fwp%2Fv2%2Fmedia&parent=12"}],"curies":[{"name":"wp","href":"https:\/\/api.w.org\/{rel}","templated":true}]}}