{"id":13,"date":"2017-07-11T06:30:11","date_gmt":"2017-07-11T06:30:11","guid":{"rendered":"https:\/\/srgsadvocacia.adv.br\/?page_id=13"},"modified":"2021-01-08T17:34:48","modified_gmt":"2021-01-08T17:34:48","slug":"direito-familia-sucessao","status":"publish","type":"page","link":"https:\/\/srgsadvocacia.adv.br\/?page_id=13","title":{"rendered":"Direito de Fam\u00edlia e Sucess\u00e3o"},"content":{"rendered":"\n\n\t<h1>\n\t\t\t\t\tDireito de Fam\u00edlia e Sucess\u00f5es\n\t\t\t\t<\/h1>\n\t\t\t<p>Esta \u00e9 a principal \u00e1rea de atua\u00e7\u00e3o do escrit\u00f3rio. Prestamos consultoria e atua\u00e7\u00e3o com foco no bem-estar familiar.<\/p>\t\t\n\t<ul>\n\t\t<li>\t\t\n\t\t\t\t<img src=\"\" alt=\"\" itemprop=\"image\"\/>\n\t\t<h5>Atua\u00e7\u00f5es<\/h5><\/li>\t<\/ul>\n\t<h4>\n\t\t\t\t\t\u00c1reas de atua\u00e7\u00e3o em Direito de Fam\u00edlia e Sucess\u00f5es\n\t\t\t\t<\/h4>\n\t<ul>\n\t\t<li>\t\t\n\t\t\t\t<img src=\"\" alt=\"\" itemprop=\"image\"\/>\n\t\t<h5>Homoafetivos<\/h5><p>Orienta\u00e7\u00e3o e defesa dos direitos relacionados \u00e0 uni\u00e3o homoafetiva garantindo seguran\u00e7a jur\u00eddica aos atos praticados: elabora\u00e7\u00e3o de pactos de conviv\u00eancia, testamentos, ado\u00e7\u00e3o homoparental<\/p><\/li>\t<\/ul>\n\t<h3>\n\t\t\t\t\t<a href=\"mailto:srgsadvocacia@uol.com.br\" title=\"Em d\u00favida? Fale conosco:\" target=\"_self\" rel=\"noopener\">\n\t\t\t\t\t\tEm d\u00favida? Fale conosco:\n\t\t\t\t\t\t<\/a>\n\t\t\t<\/h3>\n\t\t\t\t\t\n\n","protected":false},"excerpt":{"rendered":"<p>Direito de Fam\u00edlia e Sucess\u00f5es Esta \u00e9 a principal \u00e1rea de atua\u00e7\u00e3o do escrit\u00f3rio. Prestamos consultoria e atua\u00e7\u00e3o com foco no bem-estar familiar. Atua\u00e7\u00f5es \u00c1reas de atua\u00e7\u00e3o em Direito de Fam\u00edlia e Sucess\u00f5es Homoafetivos Orienta\u00e7\u00e3o e defesa dos direitos relacionados \u00e0 uni\u00e3o homoafetiva garantindo seguran\u00e7a jur\u00eddica aos atos praticados: elabora\u00e7\u00e3o de pactos de conviv\u00eancia, testamentos, &hellip;<\/p>\n<p class=\"read-more\"> <a class=\"\" href=\"https:\/\/srgsadvocacia.adv.br\/?page_id=13\"> <span class=\"screen-reader-text\">Direito de Fam\u00edlia e Sucess\u00e3o<\/span> Leia mais &raquo;<\/a><\/p>\n","protected":false},"author":1,"featured_media":0,"parent":0,"menu_order":0,"comment_status":"closed","ping_status":"closed","template":"","meta":[],"_links":{"self":[{"href":"https:\/\/srgsadvocacia.adv.br\/index.php?rest_route=\/wp\/v2\/pages\/13"}],"collection":[{"href":"https:\/\/srgsadvocacia.adv.br\/index.php?rest_route=\/wp\/v2\/pages"}],"about":[{"href":"https:\/\/srgsadvocacia.adv.br\/index.php?rest_route=\/wp\/v2\/types\/page"}],"author":[{"embeddable":true,"href":"https:\/\/srgsadvocacia.adv.br\/index.php?rest_route=\/wp\/v2\/users\/1"}],"replies":[{"embeddable":true,"href":"https:\/\/srgsadvocacia.adv.br\/index.php?rest_route=%2Fwp%2Fv2%2Fcomments&post=13"}],"version-history":[{"count":10,"href":"https:\/\/srgsadvocacia.adv.br\/index.php?rest_route=\/wp\/v2\/pages\/13\/revisions"}],"predecessor-version":[{"id":1023,"href":"https:\/\/srgsadvocacia.adv.br\/index.php?rest_route=\/wp\/v2\/pages\/13\/revisions\/1023"}],"wp:attachment":[{"href":"https:\/\/srgsadvocacia.adv.br\/index.php?rest_route=%2Fwp%2Fv2%2Fmedia&parent=13"}],"curies":[{"name":"wp","href":"https:\/\/api.w.org\/{rel}","templated":true}]}}