{"id":570,"date":"2017-07-11T04:57:39","date_gmt":"2017-07-11T04:57:39","guid":{"rendered":"https:\/\/srgsadvocacia.adv.br\/?page_id=570"},"modified":"2022-05-24T18:52:25","modified_gmt":"2022-05-24T21:52:25","slug":"home-2","status":"publish","type":"page","link":"https:\/\/srgsadvocacia.adv.br\/","title":{"rendered":"Home"},"content":{"rendered":"\n<h4>\n\t\t\t\t\tAssessoria jur\u00eddica de qualidade\n\t\t\t\t<\/h4>\n\t<h1>\n\t\t\t\t\tAdvogada especializada em Direito Civil e Trabalhista\n\t\t\t\t<\/h1>\n\t\t\t<p>Com a advogada <strong>SELMA REGINA GOMES DA SILVA<\/strong>, cada demanda \u00e9 tratada de forma personalizada, com a aten\u00e7\u00e3o devida e priorizando o relacionamento interpessoal.&nbsp;<\/p>\t\t\n\t<ul>\n\t\t<li>\t\t\t\t\n\t\t<h3>Entre em contato<\/h3><\/li>\t<\/ul>\n\t<h3>\n\t\t\t\t\t\u00c1reas de atua\u00e7\u00e3o\n\t\t\t\t<\/h3>\n\t\t\t\t<img src=\"https:\/\/srgsadvocacia.adv.br\/wp-content\/uploads\/2020\/11\/2.png\" alt=\"2\" itemprop=\"image\">\n\t<h5>\n\t\t\t\t\tDireito de Fam\u00edlia e Sucess\u00f5es\n\t\t\t\t<\/h5>\n\t\t\t<p>Regime de bens, pens\u00f5es, guarda de filhos, tudo para apoiar sua fam\u00edlia em momentos delicados.<\/p>\t\t\n\t\t\t<a href=\"https:\/\/srgsadvocacia.adv.br\/?page_id=13\" target=\"_self\" role=\"button\" rel=\"noopener\">\n\t\t\t\t\t\t\tDireto de Fam\u00edlia\n\t\t\t\t\t<\/a>\n\t\t\t\t<img src=\"https:\/\/srgsadvocacia.adv.br\/wp-content\/uploads\/2020\/11\/4.png\" alt=\"4\" itemprop=\"image\">\n\t<h5>\n\t\t\t\t\tDireito C\u00edvel\n\t\t\t\t<\/h5>\n\t\t\t<p>Direito contratual, a\u00e7\u00f5es indenizat\u00f3rias, realiza\u00e7\u00e3o de cobran\u00e7a, direito do consumidor, direito \u00e0 sa\u00fade e mais.&nbsp;<\/p>\t\t\n\t\t\t<a href=\"https:\/\/srgsadvocacia.adv.br\/?page_id=985\" target=\"_self\" role=\"button\" rel=\"noopener\">\n\t\t\t\t\t\t\tDireito C\u00edvel\n\t\t\t\t\t<\/a>\n\t\t\t\t<img src=\"https:\/\/srgsadvocacia.adv.br\/wp-content\/uploads\/2020\/11\/1.png\" alt=\"1\" itemprop=\"image\">\n\t<h5>\n\t\t\t\t\tDireito Trabalhista\n\t\t\t\t<\/h5>\n\t\t\t<p>Verbas rescis\u00f3rias, FGTS, dano moral, insalubridade, periculosidade, diferen\u00e7as salarias.<\/p>\t\t\n\t\t\t<a href=\"https:\/\/srgsadvocacia.adv.br\/?page_id=968\" target=\"_self\" role=\"button\" rel=\"noopener\">\n\t\t\t\t\t\t\tDireito Trabalhista\n\t\t\t\t\t<\/a>\n\t\t\t<a href=\"https:\/\/wa.me\/5511991561327\" target=\"_blank\" role=\"button\" rel=\"noopener nofollow\">\n\t\t\t\t\t\tFale por WhatsApp\n\t\t\t\t\t<\/a>\n","protected":false},"excerpt":{"rendered":"<p>Assessoria jur\u00eddica de qualidade Advogada especializada em Direito Civil e Trabalhista Com a advogada SELMA REGINA GOMES DA SILVA, cada demanda \u00e9 tratada de forma personalizada, com a aten\u00e7\u00e3o devida e priorizando o relacionamento interpessoal.&nbsp; Entre em contato \u00c1reas de atua\u00e7\u00e3o Direito de Fam\u00edlia e Sucess\u00f5es Regime de bens, pens\u00f5es, guarda de filhos, tudo para &hellip;<\/p>\n<p class=\"read-more\"> <a class=\"\" href=\"https:\/\/srgsadvocacia.adv.br\/\"> <span class=\"screen-reader-text\">Home<\/span> Leia mais &raquo;<\/a><\/p>\n","protected":false},"author":1,"featured_media":0,"parent":0,"menu_order":0,"comment_status":"closed","ping_status":"open","template":"","meta":[],"_links":{"self":[{"href":"https:\/\/srgsadvocacia.adv.br\/index.php?rest_route=\/wp\/v2\/pages\/570"}],"collection":[{"href":"https:\/\/srgsadvocacia.adv.br\/index.php?rest_route=\/wp\/v2\/pages"}],"about":[{"href":"https:\/\/srgsadvocacia.adv.br\/index.php?rest_route=\/wp\/v2\/types\/page"}],"author":[{"embeddable":true,"href":"https:\/\/srgsadvocacia.adv.br\/index.php?rest_route=\/wp\/v2\/users\/1"}],"replies":[{"embeddable":true,"href":"https:\/\/srgsadvocacia.adv.br\/index.php?rest_route=%2Fwp%2Fv2%2Fcomments&post=570"}],"version-history":[{"count":14,"href":"https:\/\/srgsadvocacia.adv.br\/index.php?rest_route=\/wp\/v2\/pages\/570\/revisions"}],"predecessor-version":[{"id":1085,"href":"https:\/\/srgsadvocacia.adv.br\/index.php?rest_route=\/wp\/v2\/pages\/570\/revisions\/1085"}],"wp:attachment":[{"href":"https:\/\/srgsadvocacia.adv.br\/index.php?rest_route=%2Fwp%2Fv2%2Fmedia&parent=570"}],"curies":[{"name":"wp","href":"https:\/\/api.w.org\/{rel}","templated":true}]}}