{"id":968,"date":"2020-12-15T20:03:56","date_gmt":"2020-12-15T20:03:56","guid":{"rendered":"https:\/\/srgsadvocacia.adv.br\/?page_id=968"},"modified":"2021-01-07T18:56:17","modified_gmt":"2021-01-07T18:56:17","slug":"direito-trabalhista","status":"publish","type":"page","link":"https:\/\/srgsadvocacia.adv.br\/?page_id=968","title":{"rendered":"Direito Trabalhista"},"content":{"rendered":"\n\n\t<h1>\n\t\t\t\t\tDireito Trabalhista\n\t\t\t\t<\/h1>\n\t\t\t<p>Para PESSOAS F\u00cdSICAS, ajuizamos reclama\u00e7\u00f5es trabalhistas.Para PESSOAS JUR\u00cdDICAS, nosso atendimento divide-se em consultivo e contencioso.<\/p>\t\t\n\t<ul>\n\t\t<li>\t\t\n\t\t\t\t<img src=\"\" alt=\"\" itemprop=\"image\"\/>\n\t\t<h5>Direito Trabalhista &#8211; Pessoas f\u00edsicas<\/h5><p>Trabalho sem carteira assinada (reconhecimento de v\u00ednculo empregat\u00edcio)<br \/>Horas extras n\u00e3o pagas<br \/>Insalubridade e Periculosidade<br \/>Ass\u00e9dio Moral<br \/>Justa causa indevida<br \/>Jornadas de trabalho abusivas<br \/>Pedidos de demiss\u00e3o for\u00e7ados<br \/>Fraudes do cart\u00e3o de ponto<br \/>Cooperativas fraudulentas<br \/>Est\u00e1gios fraudulentos<br \/>Terceiriza\u00e7\u00e3o ilegal<br \/>Doen\u00e7a profissional<\/p><\/li>\t<\/ul>\n\t<h4>\n\t\t\t\t\t\u00c1reas de atua\u00e7\u00e3o em Direito Trabalhista\n\t\t\t\t<\/h4>\n\t<ul>\n\t\t<li>\t\t\n\t\t\t\t<img src=\"\" alt=\"\" itemprop=\"image\"\/>\n\t\t<h5>Direito Trabalhista &#8211; Pessoas jur\u00eddicas<\/h5><p>Preventivamente, elaboramos contratos de trabalho, assessoria a admiss\u00f5es e demiss\u00f5es de funcion\u00e1rios com ou sem justa causa e contrata\u00e7\u00e3o de empresas terceirizadas, dentre outros servi\u00e7os.No aspecto contencioso, defendemos nossos clientes em todos os tipos de reclama\u00e7\u00f5es trabalhistas e em qualquer esfera do Poder Judici\u00e1rio.<\/p><\/li>\t<\/ul>\n\t<h3>\n\t\t\t\t\t<a href=\"mailto:srgsadvocacia@uol.com.br\" title=\"Em d\u00favida? Fale conosco:\" target=\"_self\" rel=\"noopener\">\n\t\t\t\t\t\tEm d\u00favida? Fale conosco:\n\t\t\t\t\t\t<\/a>\n\t\t\t<\/h3>\n\t\t\t<p>\u00a0<\/p>\t\t\n\n","protected":false},"excerpt":{"rendered":"<p>Direito Trabalhista Para PESSOAS F\u00cdSICAS, ajuizamos reclama\u00e7\u00f5es trabalhistas.Para PESSOAS JUR\u00cdDICAS, nosso atendimento divide-se em consultivo e contencioso. Direito Trabalhista &#8211; Pessoas f\u00edsicas Trabalho sem carteira assinada (reconhecimento de v\u00ednculo empregat\u00edcio)Horas extras n\u00e3o pagasInsalubridade e PericulosidadeAss\u00e9dio MoralJusta causa indevidaJornadas de trabalho abusivasPedidos de demiss\u00e3o for\u00e7adosFraudes do cart\u00e3o de pontoCooperativas fraudulentasEst\u00e1gios fraudulentosTerceiriza\u00e7\u00e3o ilegalDoen\u00e7a profissional \u00c1reas de atua\u00e7\u00e3o &hellip;<\/p>\n<p class=\"read-more\"> <a class=\"\" href=\"https:\/\/srgsadvocacia.adv.br\/?page_id=968\"> <span class=\"screen-reader-text\">Direito Trabalhista<\/span> Leia mais &raquo;<\/a><\/p>\n","protected":false},"author":1,"featured_media":0,"parent":0,"menu_order":0,"comment_status":"closed","ping_status":"closed","template":"","meta":[],"_links":{"self":[{"href":"https:\/\/srgsadvocacia.adv.br\/index.php?rest_route=\/wp\/v2\/pages\/968"}],"collection":[{"href":"https:\/\/srgsadvocacia.adv.br\/index.php?rest_route=\/wp\/v2\/pages"}],"about":[{"href":"https:\/\/srgsadvocacia.adv.br\/index.php?rest_route=\/wp\/v2\/types\/page"}],"author":[{"embeddable":true,"href":"https:\/\/srgsadvocacia.adv.br\/index.php?rest_route=\/wp\/v2\/users\/1"}],"replies":[{"embeddable":true,"href":"https:\/\/srgsadvocacia.adv.br\/index.php?rest_route=%2Fwp%2Fv2%2Fcomments&post=968"}],"version-history":[{"count":5,"href":"https:\/\/srgsadvocacia.adv.br\/index.php?rest_route=\/wp\/v2\/pages\/968\/revisions"}],"predecessor-version":[{"id":999,"href":"https:\/\/srgsadvocacia.adv.br\/index.php?rest_route=\/wp\/v2\/pages\/968\/revisions\/999"}],"wp:attachment":[{"href":"https:\/\/srgsadvocacia.adv.br\/index.php?rest_route=%2Fwp%2Fv2%2Fmedia&parent=968"}],"curies":[{"name":"wp","href":"https:\/\/api.w.org\/{rel}","templated":true}]}}