{"id":985,"date":"2020-12-27T21:45:07","date_gmt":"2020-12-27T21:45:07","guid":{"rendered":"https:\/\/srgsadvocacia.adv.br\/?page_id=985"},"modified":"2021-01-08T17:18:16","modified_gmt":"2021-01-08T17:18:16","slug":"direito-familia-sucessao-copy","status":"publish","type":"page","link":"https:\/\/srgsadvocacia.adv.br\/?page_id=985","title":{"rendered":"Direito C\u00edvel"},"content":{"rendered":"\n\n\t<h1>\n\t\t\t\t\tDireito C\u00edvel\n\t\t\t\t<\/h1>\n\t<ul>\n\t\t<li>\t\t\n\t\t\t\t<img src=\"\" alt=\"\" itemprop=\"image\"\/>\n\t\t<h5>Consultoria e atua\u00e7\u00e3o em:<\/h5><p>Negocia\u00e7\u00e3o, elabora\u00e7\u00e3o, revis\u00e3o e administra\u00e7\u00e3o de contratos diversosA\u00e7\u00f5es possess\u00f3rias (usucapi\u00e3o e reintegra\u00e7\u00e3o de posse)A\u00e7\u00f5es indenizat\u00f3rias (danos materiais e morais)Renegocia\u00e7\u00e3o de d\u00edvidas.Realiza\u00e7\u00e3o de cobran\u00e7as e execu\u00e7\u00f5es judiciaisSuporte jur\u00eddico a transa\u00e7\u00f5es de compra, venda e loca\u00e7\u00e3o de im\u00f3veisDefesa aos direitos do consumidorResolu\u00e7\u00e3o de conflitos extrajudicialmente<\/p><\/li>\t<\/ul>\n\t<h4>\n\t\t\t\t\t\u00c1reas de atua\u00e7\u00e3o em Direito C\u00edvel\n\t\t\t\t<\/h4>\n\t<ul>\n\t\t<li>\t\t\n\t\t\t\t<img src=\"\" alt=\"\" itemprop=\"image\"\/>\n\t\t<h5>Sa\u00fade<\/h5><p>Atua\u00e7\u00e3o judicial na defesa de m\u00e9dicos, cl\u00ednicas e hospitaisDefesa processual nas acusa\u00e7\u00f5es de responsabilidade civil por erro m\u00e9dicoConcess\u00e3o de medicamentosConcess\u00e3o de autoriza\u00e7\u00e3o para procedimentos cir\u00fargicos ou tratamentos m\u00e9dicosReembolso de valores que foram pagos em virtude de exames, interna\u00e7\u00f5es e cirurgiasConcess\u00e3o de homecareAutoriza\u00e7\u00e3o para materiais cir\u00fargicos, pr\u00f3teses, \u00f3rteses e marca-passoGarantia de atendimento a tratamentos m\u00e9dicos<\/p><\/li>\t<\/ul>\n\t<h3>\n\t\t\t\t\t<a href=\"mailto:srgsadvocacia@uol.com.br\" title=\"Em d\u00favida? Fale conosco:\" target=\"_self\" rel=\"noopener\">\n\t\t\t\t\t\tEm d\u00favida? Fale conosco:\n\t\t\t\t\t\t<\/a>\n\t\t\t<\/h3>\n\t\t\t\t\t\n\n","protected":false},"excerpt":{"rendered":"<p>Direito C\u00edvel Consultoria e atua\u00e7\u00e3o em: Negocia\u00e7\u00e3o, elabora\u00e7\u00e3o, revis\u00e3o e administra\u00e7\u00e3o de contratos diversosA\u00e7\u00f5es possess\u00f3rias (usucapi\u00e3o e reintegra\u00e7\u00e3o de posse)A\u00e7\u00f5es indenizat\u00f3rias (danos materiais e morais)Renegocia\u00e7\u00e3o de d\u00edvidas.Realiza\u00e7\u00e3o de cobran\u00e7as e execu\u00e7\u00f5es judiciaisSuporte jur\u00eddico a transa\u00e7\u00f5es de compra, venda e loca\u00e7\u00e3o de im\u00f3veisDefesa aos direitos do consumidorResolu\u00e7\u00e3o de conflitos extrajudicialmente \u00c1reas de atua\u00e7\u00e3o em Direito C\u00edvel &hellip;<\/p>\n<p class=\"read-more\"> <a class=\"\" href=\"https:\/\/srgsadvocacia.adv.br\/?page_id=985\"> <span class=\"screen-reader-text\">Direito C\u00edvel<\/span> Leia mais &raquo;<\/a><\/p>\n","protected":false},"author":1,"featured_media":0,"parent":0,"menu_order":0,"comment_status":"closed","ping_status":"closed","template":"","meta":[],"_links":{"self":[{"href":"https:\/\/srgsadvocacia.adv.br\/index.php?rest_route=\/wp\/v2\/pages\/985"}],"collection":[{"href":"https:\/\/srgsadvocacia.adv.br\/index.php?rest_route=\/wp\/v2\/pages"}],"about":[{"href":"https:\/\/srgsadvocacia.adv.br\/index.php?rest_route=\/wp\/v2\/types\/page"}],"author":[{"embeddable":true,"href":"https:\/\/srgsadvocacia.adv.br\/index.php?rest_route=\/wp\/v2\/users\/1"}],"replies":[{"embeddable":true,"href":"https:\/\/srgsadvocacia.adv.br\/index.php?rest_route=%2Fwp%2Fv2%2Fcomments&post=985"}],"version-history":[{"count":8,"href":"https:\/\/srgsadvocacia.adv.br\/index.php?rest_route=\/wp\/v2\/pages\/985\/revisions"}],"predecessor-version":[{"id":1018,"href":"https:\/\/srgsadvocacia.adv.br\/index.php?rest_route=\/wp\/v2\/pages\/985\/revisions\/1018"}],"wp:attachment":[{"href":"https:\/\/srgsadvocacia.adv.br\/index.php?rest_route=%2Fwp%2Fv2%2Fmedia&parent=985"}],"curies":[{"name":"wp","href":"https:\/\/api.w.org\/{rel}","templated":true}]}}